{"id":1672,"date":"2024-02-03T13:40:12","date_gmt":"2024-02-03T04:40:12","guid":{"rendered":"https:\/\/www.kunigami-forest-park.org\/?page_id=1672"},"modified":"2026-02-27T17:30:59","modified_gmt":"2026-02-27T08:30:59","slug":"rental_goods","status":"publish","type":"page","link":"https:\/\/www.kunigami-forest-park.org\/en\/rental_goods\/","title":{"rendered":"Rental supplies"},"content":{"rendered":"<section class=\"read_area\">\n<div class=\"read_box\">\n<div class=\"read_ttl\">\n<p><img loading=\"lazy\" decoding=\"async\" src=\"https:\/\/www.kunigami-forest-park.org\/mywp\/assets\/images\/rental_goods\/pic_ttl.png\" alt=\"\" width=\"221\" height=\"88\" \/><\/p>\n<h1 class=\"h1_lyt\">Rental goods<\/h1>\n<\/div>\n<\/div>\n<\/section>\n<section class=\"sec_area plan_info\">\n<div class=\"mw_1200\">\n<div class=\"plan_item\">\n<div class=\"plan_head\">\n<p class=\"plan_num\">Plan 01<\/p>\n<h2 class=\"heading\">Camping set<span class=\"price\">11,000 yen<\/span><\/h2>\n<p>It will be prepared for 4 people.<\/p>\n<\/div>\n<div class=\"flx_box\">\n<div class=\"plan_img\"><img loading=\"lazy\" decoding=\"async\" src=\"https:\/\/www.kunigami-forest-park.org\/mywp\/assets\/images\/rental_goods\/camp_set.jpg\" width=\"840\" height=\"600\" \/><\/div>\n<div class=\"plan_detail\">\n<dl>\n<dt class=\"detail_head\">Set content<\/dt>\n<dd class=\"detail_inner\">\n<h3 class=\"heading_arrow\">Camping set<\/h3>\n<p class=\"detail_price\">11,000 yen<\/p>\n<p>It will be prepared for 4 people.<\/p>\n<ul class=\"set_item\">\n<li><a class=\"js-nonscroll\" href=\"#group1-1\" data-fancybox=\"group1\" data-type=\"inline\">Tent x 1<\/a><\/li>\n<li><a class=\"js-nonscroll\" href=\"#group1-2\" data-fancybox=\"group1\">2 seater bench x 1<\/a><\/li>\n<li><a class=\"js-nonscroll\" href=\"#group1-3\" data-fancybox=\"group1\">Single chair x 2<\/a><\/li>\n<li><a class=\"js-nonscroll\" href=\"#group1-4\" data-fancybox=\"group1\">Table x 1<\/a><\/li>\n<\/ul>\n<div id=\"group1-1\" class=\"set_item_modal\"><img loading=\"lazy\" decoding=\"async\" src=\"https:\/\/www.kunigami-forest-park.org\/mywp\/assets\/images\/rental_goods\/tent.jpg\" width=\"580\" height=\"580\" \/><\/p>\n<p class=\"modal_caption\">Tent<\/p>\n<\/div>\n<div id=\"group1-2\" class=\"set_item_modal\"><img loading=\"lazy\" decoding=\"async\" src=\"https:\/\/www.kunigami-forest-park.org\/mywp\/assets\/images\/rental_goods\/venchi.jpg\" width=\"580\" height=\"580\" \/><\/p>\n<p class=\"modal_caption\">2 seater bench x 1<\/p>\n<\/div>\n<div id=\"group1-3\" class=\"set_item_modal\"><img loading=\"lazy\" decoding=\"async\" src=\"https:\/\/www.kunigami-forest-park.org\/mywp\/assets\/images\/rental_goods\/chair.jpg\" width=\"580\" height=\"580\" \/><\/p>\n<p class=\"modal_caption\">Single chair x 2<\/p>\n<\/div>\n<div id=\"group1-4\" class=\"set_item_modal\"><img loading=\"lazy\" decoding=\"async\" src=\"https:\/\/www.kunigami-forest-park.org\/mywp\/assets\/images\/rental_goods\/table.jpg\" width=\"580\" height=\"580\" \/><\/p>\n<p class=\"modal_caption\">Table \u00d7 1<\/p>\n<\/div>\n<\/dd>\n<\/dl>\n<\/div>\n<\/div>\n<\/div>\n<\/div>\n<\/section>\n<section class=\"sec_area pic_area bg-none\">\n<div class=\"pic_box mw_1200\">\n<dl class=\"ttl flx_box\">\n<dt class=\"inner_ttl en ml_10\">RENTAL ITEMS<\/dt>\n<dd>Single item rental<\/dd>\n<\/dl>\n<ul class=\"flx_box\">\n<li>\n<dl>\n<dt><img loading=\"lazy\" decoding=\"async\" src=\"https:\/\/www.kunigami-forest-park.org\/mywp\/assets\/images\/rental_goods\/hammock.jpg\" alt=\"hammock\" width=\"580\" height=\"580\" \/><\/dt>\n<dd>hammock<br \/>\n<span class=\"fw_normal\">2,200 yen<\/span><\/dd>\n<\/dl>\n<\/li>\n<li>\n<dl>\n<dt><img loading=\"lazy\" decoding=\"async\" src=\"https:\/\/www.kunigami-forest-park.org\/mywp\/assets\/images\/rental_goods\/bbq_grill01.jpg\" alt=\"BBQ grill [with lid]\" width=\"580\" height=\"580\" \/><\/dt>\n<dd>BBQ grill [with lid]<\/p>\n<p><span style=\"font-size: 10pt;\">Set : grill, fire starter, tongs, charcoal scissors<br \/>\n*Charcoal sold separately<br \/>\n<\/span><\/p>\n<\/dd>\n<dd><span class=\"fw_normal\">4,400 yen<\/span><\/dd>\n<\/dl>\n<\/li>\n<li>\n<dl>\n<dt><img loading=\"lazy\" decoding=\"async\" src=\"https:\/\/www.kunigami-forest-park.org\/mywp\/assets\/images\/rental_goods\/bbq_grill02.jpg\" alt=\"BBQ grill [without lid]\" width=\"580\" height=\"580\" \/><\/dt>\n<dd>BBQ grill [without lid]<\/p>\n<p><span style=\"font-size: 10pt;\">Set : grill body, iron plate, net, tongs, charcoal scissors<br \/>\n*Charcoal sold separately<br \/>\n<\/span><\/p>\n<\/dd>\n<dd><span class=\"fw_normal\">3,300 yen<\/span><\/dd>\n<\/dl>\n<\/li>\n<li>\n<dl>\n<dt><img loading=\"lazy\" decoding=\"async\" src=\"https:\/\/www.kunigami-forest-park.org\/mywp\/assets\/images\/rental_goods\/table.jpg\" alt=\"table\" width=\"580\" height=\"580\" \/><\/dt>\n<dd>Table<br \/>\n<span class=\"fw_normal\">2,200 yen<\/span><\/dd>\n<\/dl>\n<\/li>\n<li>\n<dl>\n<dt><img loading=\"lazy\" decoding=\"async\" src=\"https:\/\/www.kunigami-forest-park.org\/mywp\/assets\/images\/rental_goods\/venchi.jpg\" alt=\"2 seater bench\" width=\"580\" height=\"580\" \/><\/dt>\n<dd>2 seater bench<br \/>\n<span class=\"fw_normal\">2,200 yen<\/span><\/dd>\n<\/dl>\n<\/li>\n<li>\n<dl>\n<dt><img loading=\"lazy\" decoding=\"async\" src=\"https:\/\/www.kunigami-forest-park.org\/mywp\/assets\/images\/rental_goods\/chair.jpg\" alt=\"single chair\" width=\"580\" height=\"580\" \/><\/dt>\n<dd>Single chair<br \/>\n<span class=\"fw_normal\">1,100 yen<\/span><\/dd>\n<\/dl>\n<\/li>\n<li>\n<dl>\n<dt><img loading=\"lazy\" decoding=\"async\" src=\"https:\/\/www.kunigami-forest-park.org\/mywp\/assets\/images\/rental_goods\/wagon_cart.jpg\" alt=\"wagon cart\" width=\"580\" height=\"580\" \/><\/dt>\n<dd>Wagon cart<br \/>\n<span class=\"fw_normal\">1,100 yen<\/span><\/dd>\n<\/dl>\n<\/li>\n<li>\n<dl>\n<dt><img loading=\"lazy\" decoding=\"async\" src=\"https:\/\/www.kunigami-forest-park.org\/mywp\/assets\/images\/rental_goods\/takibi_set.jpg\" alt=\"Campfire Set [5 items] *Includes 2.5kg of firewood\" width=\"580\" height=\"580\" \/><\/dt>\n<dd>Campfire Set [5 items] <span style=\"font-size: 10pt;\">Coleman Fire Disk (approx. 45cm diameter)<\/span> (Firewood sold separately)<br \/>\n<span style=\"font-size: 10pt;\">Set includes: Fire pit, fireproof sheet, gloves, charcoal tongs, and fire extinguisher pot<br \/>\n(Charcoal, fire starter, and lighter sold separately)<\/span><\/dd>\n<dd><span class=\"fw_normal\">2,200 yen<\/span><\/dd>\n<\/dl>\n<\/li>\n<li>\n<dl>\n<dt><img loading=\"lazy\" decoding=\"async\" src=\"https:\/\/www.kunigami-forest-park.org\/mywp\/assets\/images\/rental_goods\/maki.jpg\" alt=\"\u85aa \u203b5kg\" width=\"580\" height=\"580\" \/><\/dt>\n<dd>\u3010For Sale\u3011Firewood (for campfire)<span style=\"font-size: 10pt;\"> 5kg<\/span><del> <\/del><span style=\"font-size: 10pt;\"><br \/>\n<\/span><\/dd>\n<dd><span class=\"fw_normal\">2,200 yen<\/span><\/dd>\n<\/dl>\n<\/li>\n<li>\n<dl>\n<dt><img loading=\"lazy\" decoding=\"async\" src=\"https:\/\/www.kunigami-forest-park.org\/mywp\/assets\/images\/rental_goods\/tent.jpg\" alt=\"Tent\" width=\"580\" height=\"580\" \/><\/dt>\n<dd>Tent<br \/>\n<span style=\"font-size: 10pt;\">Set : Main unit, ground sheet, special inner mat, peg, hammer<\/span><br \/>\n<span class=\"fw_normal\">5,500 yen<\/span><\/dd>\n<\/dl>\n<\/li>\n<li>\n<dl>\n<dt><img loading=\"lazy\" decoding=\"async\" src=\"https:\/\/www.kunigami-forest-park.org\/mywp\/assets\/images\/rental_goods\/cooler.jpg\" alt=\"cooler box\" width=\"580\" height=\"580\" \/><\/dt>\n<dd>Cooler box<br \/>\n<span style=\"font-size: 10pt;\">*Ice sold separately<\/span><br \/>\n<span class=\"fw_normal\">1,100 yen<\/span><\/dd>\n<\/dl>\n<\/li>\n<li>\n<dl>\n<dt><img loading=\"lazy\" decoding=\"async\" src=\"https:\/\/www.kunigami-forest-park.org\/mywp\/wp-content\/uploads\/2024\/08\/portable_stove.jpg\" alt=\"portable stove\" width=\"580\" height=\"580\" \/><\/dt>\n<dd>Portable Stove<br \/>\n<span style=\"font-size: 10pt;\">\u203bGas cans sold separately<\/span><br \/>\n<span class=\"fw_normal\">1,100yen<\/span><\/dd>\n<\/dl>\n<\/li>\n<li>\n<dl>\n<dt><img loading=\"lazy\" decoding=\"async\" src=\"https:\/\/www.kunigami-forest-park.org\/mywp\/wp-content\/uploads\/2024\/08\/kettle.jpg\" alt=\"electric kettle\" width=\"580\" height=\"580\" \/><\/dt>\n<dd>Electric Kettle\u30100.8\u2113\u3011<br \/>\n<span style=\"font-size: 10pt;\">\u203bRequires power<del><\/del><\/span><\/dd>\n<dd><span class=\"fw_normal\">550yen<\/span><\/dd>\n<\/dl>\n<\/li>\n<li>\n<dl>\n<dt><img loading=\"lazy\" decoding=\"async\" src=\"https:\/\/www.kunigami-forest-park.org\/mywp\/wp-content\/uploads\/2024\/08\/tableware_set.jpg\" alt=\"Tableware\" width=\"580\" height=\"580\" \/><\/dt>\n<dd>Tableware Set(4_people)<span style=\"font-size: 10pt;\">Made:Strawplastic<br \/>\nPlate\u00d74 Bowl\u00d74 Cup\u00d74 <br \/>\nSpoon\u00d74 Fork\u00d74 Chopsticks\u00d74<\/span><br \/>\n<span class=\"fw_normal\">1,650yen<\/span><\/dd>\n<\/dl>\n<\/li>\n<li>\n<dl>\n<dt><img loading=\"lazy\" decoding=\"async\" src=\"https:\/\/www.kunigami-forest-park.org\/mywp\/wp-content\/uploads\/2024\/08\/tableware_single.jpg\" alt=\"tableware 1 people\" width=\"580\" height=\"580\" \/><\/dt>\n<dd>Tableware(1_people)<span style=\"font-size: 10pt;\">Made:Strawplastic<br \/>\nPlate\u00d71 Bowl\u00d71 Cup\u00d71 <br \/>\nSpoon\u00d71 Fork\u00d71 Chopsticks\u00d74<\/span><br \/>\n<span class=\"fw_normal\">550yen<\/span><\/dd>\n<\/dl>\n<\/li>\n<li>\n<dl>\n<dt><img loading=\"lazy\" decoding=\"async\" src=\"https:\/\/www.kunigami-forest-park.org\/mywp\/wp-content\/uploads\/2024\/08\/dryer.jpg\" alt=\"dryer\" width=\"580\" height=\"580\" \/><\/dt>\n<dd>Dryer<span style=\"font-size: 10pt;\"><br \/>\n\u203bAvailable in Bungalows, Tree Houses, and Forest Cabins. <span class=\"fw_normal\">550yen<\/span><\/span><\/dd>\n<\/dl>\n<\/li>\n<\/ul>\n<p class=\"text-center\"><strong>Rental items can be selected as an option when making a reservation.<\/strong><\/p>\n<div class=\"btn_wrap\"><a class=\"btn\" href=\"https:\/\/www.nap-camp.com\/okinawa\/10253\" target=\"_blank\" rel=\"noopener\">Reserve your stay<\/a><\/div>\n<p><!--\n\n\n\n\n\n\n\n<div class=\"btn_wrap\"><a href=\"https:\/\/reserva.be\/kunigamiactivity\" target=\"_blank\" class=\"btn\" rel=\"noopener\">Click here to apply<\/a><\/div>\n\n\n\n\n\n\n\n--><\/div>\n<\/section>\n","protected":false},"excerpt":{"rendered":"<p>Rental goods Plan 01 Camping set11,000 yen It will be prepared for 4 people. Set [&hellip;]<\/p>\n","protected":false},"author":2,"featured_media":1603,"parent":0,"menu_order":0,"comment_status":"closed","ping_status":"closed","template":"","meta":{"_locale":"en_US","_original_post":"https:\/\/www.kunigami-forest-park.org\/?page_id=652","footnotes":""},"class_list":["post-1672","page","type-page","status-publish","has-post-thumbnail","hentry","en-US"],"aioseo_notices":[],"_links":{"self":[{"href":"https:\/\/www.kunigami-forest-park.org\/wp-json\/wp\/v2\/pages\/1672","targetHints":{"allow":["GET"]}}],"collection":[{"href":"https:\/\/www.kunigami-forest-park.org\/wp-json\/wp\/v2\/pages"}],"about":[{"href":"https:\/\/www.kunigami-forest-park.org\/wp-json\/wp\/v2\/types\/page"}],"author":[{"embeddable":true,"href":"https:\/\/www.kunigami-forest-park.org\/wp-json\/wp\/v2\/users\/2"}],"replies":[{"embeddable":true,"href":"https:\/\/www.kunigami-forest-park.org\/wp-json\/wp\/v2\/comments?post=1672"}],"version-history":[{"count":19,"href":"https:\/\/www.kunigami-forest-park.org\/wp-json\/wp\/v2\/pages\/1672\/revisions"}],"predecessor-version":[{"id":4367,"href":"https:\/\/www.kunigami-forest-park.org\/wp-json\/wp\/v2\/pages\/1672\/revisions\/4367"}],"wp:featuredmedia":[{"embeddable":true,"href":"https:\/\/www.kunigami-forest-park.org\/wp-json\/wp\/v2\/media\/1603"}],"wp:attachment":[{"href":"https:\/\/www.kunigami-forest-park.org\/wp-json\/wp\/v2\/media?parent=1672"}],"curies":[{"name":"wp","href":"https:\/\/api.w.org\/{rel}","templated":true}]}}